{"id":270,"date":"2022-05-26T20:21:45","date_gmt":"2022-05-27T01:21:45","guid":{"rendered":"https:\/\/corporacionradio.com\/?page_id=270"},"modified":"2022-07-10T11:56:00","modified_gmt":"2022-07-10T16:56:00","slug":"quienes-somos","status":"publish","type":"page","link":"https:\/\/corporaciondigital360.com\/?page_id=270","title":{"rendered":"Quienes Somos"},"content":{"rendered":"<p>Radio Corporaci\u00f3n nace como un medio de comunicaci\u00f3n al servicio de la sociedad lojana, en el sur de Ecuador. Luego de muchos a\u00f1os de gesti\u00f3n, Roosevelt Barrazueta Le\u00f3n, reconocido periodista, con una larga trayectoria en la informaci\u00f3n deportiva, junto a su familia, cristaliza la concesi\u00f3n de la frecuencia 97.3 FM en septiembre del 2001.<\/p>\n<p>Al caer la tarde del 11 de enero del 2002 emite su primera se\u00f1al de prueba, oficializando su servicio el 24 de enero del mismo a\u00f1o, originalmente con el nombre de Radio S\u00faper Colosal 97.3 FM.<\/p>\n<p>El 24 de febrero de 2010 como parte de una renovaci\u00f3n de imagen, registra la marca Radio Corporaci\u00f3n 97.3 FM.<\/p>\n<p>Como consecuencia de los cambios vertiginosos en la tecnolog\u00eda y las telecomunicaciones, en octubre del 2011. Radio Corporaci\u00f3n aparece ante el mundo con una plataforma 3.0 www.corporacionradio.com, con el apoyo en la actualidad de diferentes redes sociales digitales.<\/p>\n<p>Radio Corporaci\u00f3n es un medio para el cual la credibilidad es su propiedad m\u00e1s preciada, alcanzada con la objetividad, imparcialidad y seriedad con que se presentan las informaciones provenientes de todos los sectores de la vida nacional e internacional, sello que le ha permitido mantener la primera sinton\u00eda de la regi\u00f3n sur de Ecuador.<\/p>\n<p>Radio Corporaci\u00f3n es una emisora comercial. Su \u00fanica fuente de financiamiento es la publicidad, esquema bajo el cual busca garantizar su independencia econ\u00f3mica y, por ende, informativa.<\/p>\n<p><strong>MISI\u00d3N<\/strong><br \/>\nEmocionar, cautivar y hacer mejor el d\u00eda de nuestras audiencias, con contenidos incluyentes e innovadores de alta calidad, en diferentes plataformas y tecnolog\u00edas. Con el firme prop\u00f3sito de forjar valor de forma sostenible.<\/p>\n<p><strong>VISI\u00d3N<\/strong><br \/>\nSer una empresa l\u00edder en radio y digital en el sur del pa\u00eds, visiblemente diferenciada de la competencia, con el mejor staff de productores, locutores, sonidistas. Ser reconocida como una de las mejores marcas de comunicaci\u00f3n y entretenimiento.<\/p>\n<p><strong>OBJETIVOS<\/strong><\/p>\n<ul>\n<li>Brindar una programaci\u00f3n de calidad e inter\u00e9s general<br \/>\nMantener el respeto, confianza y profesionalismo en los contenidos.<\/li>\n<li>Innovar constantemente en la producci\u00f3n de contenidos.<\/li>\n<li>Aplicar estrategias de comunicaci\u00f3n y marketing, en la promoci\u00f3n de productos y servicios de nuestros anunciantes.<\/li>\n<\/ul>\n<p><strong>COBERTURA<\/strong><br \/>\nRadio Corporaci\u00f3n 97.3 FM, cubre la provincia de Loja, parte alta de la provincial de El Oro, y el mundo entero a trav\u00e9s de su p\u00e1gina web www.corporacionradio.com y todas sus redes sociales digitales.<\/p>\n","protected":false},"excerpt":{"rendered":"<p>Radio Corporaci\u00f3n nace como un medio de comunicaci\u00f3n al servicio de la sociedad lojana, en el sur de Ecuador. Luego de muchos a\u00f1os de gesti\u00f3n, Roosevelt Barrazueta Le\u00f3n, reconocido periodista, con una larga trayectoria en la informaci\u00f3n deportiva, junto a su familia, cristaliza la concesi\u00f3n de la frecuencia 97.3 FM en septiembre del 2001. Al [&hellip;]<\/p>\n","protected":false},"author":1,"featured_media":0,"parent":0,"menu_order":0,"comment_status":"closed","ping_status":"closed","template":"","meta":{"h5ap_radio_sources":[],"tdm_status":"","tdm_grid_status":"","footnotes":""},"class_list":["post-270","page","type-page","status-publish","hentry"],"yoast_head":"<!-- This site is optimized with the Yoast SEO plugin v20.6 - https:\/\/yoast.com\/wordpress\/plugins\/seo\/ -->\n<title>Quienes Somos - Corporacion 360<\/title>\n<meta name=\"robots\" content=\"index, follow, max-snippet:-1, max-image-preview:large, max-video-preview:-1\" \/>\n<link rel=\"canonical\" href=\"https:\/\/corporaciondigital360.com\/?page_id=270\" \/>\n<meta property=\"og:locale\" content=\"es_ES\" \/>\n<meta property=\"og:type\" content=\"article\" \/>\n<meta property=\"og:title\" content=\"Quienes Somos - Corporacion 360\" \/>\n<meta property=\"og:description\" content=\"Radio Corporaci\u00f3n nace como un medio de comunicaci\u00f3n al servicio de la sociedad lojana, en el sur de Ecuador. Luego de muchos a\u00f1os de gesti\u00f3n, Roosevelt Barrazueta Le\u00f3n, reconocido periodista, con una larga trayectoria en la informaci\u00f3n deportiva, junto a su familia, cristaliza la concesi\u00f3n de la frecuencia 97.3 FM en septiembre del 2001. Al [&hellip;]\" \/>\n<meta property=\"og:url\" content=\"https:\/\/corporaciondigital360.com\/?page_id=270\" \/>\n<meta property=\"og:site_name\" content=\"Corporacion 360\" \/>\n<meta property=\"article:publisher\" content=\"https:\/\/www.facebook.com\/radiocorporacionloja\" \/>\n<meta property=\"article:modified_time\" content=\"2022-07-10T16:56:00+00:00\" \/>\n<meta name=\"twitter:card\" content=\"summary_large_image\" \/>\n<meta name=\"twitter:site\" content=\"@RadioCorpLoja\" \/>\n<meta name=\"twitter:label1\" content=\"Tiempo de lectura\" \/>\n\t<meta name=\"twitter:data1\" content=\"2 minutos\" \/>\n<script type=\"application\/ld+json\" class=\"yoast-schema-graph\">{\"@context\":\"https:\/\/schema.org\",\"@graph\":[{\"@type\":\"WebPage\",\"@id\":\"https:\/\/corporaciondigital360.com\/?page_id=270\",\"url\":\"https:\/\/corporaciondigital360.com\/?page_id=270\",\"name\":\"Quienes Somos - Corporacion 360\",\"isPartOf\":{\"@id\":\"https:\/\/corporaciondigital360.com\/#website\"},\"datePublished\":\"2022-05-27T01:21:45+00:00\",\"dateModified\":\"2022-07-10T16:56:00+00:00\",\"breadcrumb\":{\"@id\":\"https:\/\/corporaciondigital360.com\/?page_id=270#breadcrumb\"},\"inLanguage\":\"es\",\"potentialAction\":[{\"@type\":\"ReadAction\",\"target\":[\"https:\/\/corporaciondigital360.com\/?page_id=270\"]}]},{\"@type\":\"BreadcrumbList\",\"@id\":\"https:\/\/corporaciondigital360.com\/?page_id=270#breadcrumb\",\"itemListElement\":[{\"@type\":\"ListItem\",\"position\":1,\"name\":\"Portada\",\"item\":\"https:\/\/corporaciondigital360.com\/\"},{\"@type\":\"ListItem\",\"position\":2,\"name\":\"Quienes Somos\"}]},{\"@type\":\"WebSite\",\"@id\":\"https:\/\/corporaciondigital360.com\/#website\",\"url\":\"https:\/\/corporaciondigital360.com\/\",\"name\":\"Corporacion 360\",\"description\":\"\",\"potentialAction\":[{\"@type\":\"SearchAction\",\"target\":{\"@type\":\"EntryPoint\",\"urlTemplate\":\"https:\/\/corporaciondigital360.com\/?s={search_term_string}\"},\"query-input\":\"required name=search_term_string\"}],\"inLanguage\":\"es\"}]}<\/script>\n<!-- \/ Yoast SEO plugin. -->","yoast_head_json":{"title":"Quienes Somos - Corporacion 360","robots":{"index":"index","follow":"follow","max-snippet":"max-snippet:-1","max-image-preview":"max-image-preview:large","max-video-preview":"max-video-preview:-1"},"canonical":"https:\/\/corporaciondigital360.com\/?page_id=270","og_locale":"es_ES","og_type":"article","og_title":"Quienes Somos - Corporacion 360","og_description":"Radio Corporaci\u00f3n nace como un medio de comunicaci\u00f3n al servicio de la sociedad lojana, en el sur de Ecuador. Luego de muchos a\u00f1os de gesti\u00f3n, Roosevelt Barrazueta Le\u00f3n, reconocido periodista, con una larga trayectoria en la informaci\u00f3n deportiva, junto a su familia, cristaliza la concesi\u00f3n de la frecuencia 97.3 FM en septiembre del 2001. Al [&hellip;]","og_url":"https:\/\/corporaciondigital360.com\/?page_id=270","og_site_name":"Corporacion 360","article_publisher":"https:\/\/www.facebook.com\/radiocorporacionloja","article_modified_time":"2022-07-10T16:56:00+00:00","twitter_card":"summary_large_image","twitter_site":"@RadioCorpLoja","twitter_misc":{"Tiempo de lectura":"2 minutos"},"schema":{"@context":"https:\/\/schema.org","@graph":[{"@type":"WebPage","@id":"https:\/\/corporaciondigital360.com\/?page_id=270","url":"https:\/\/corporaciondigital360.com\/?page_id=270","name":"Quienes Somos - Corporacion 360","isPartOf":{"@id":"https:\/\/corporaciondigital360.com\/#website"},"datePublished":"2022-05-27T01:21:45+00:00","dateModified":"2022-07-10T16:56:00+00:00","breadcrumb":{"@id":"https:\/\/corporaciondigital360.com\/?page_id=270#breadcrumb"},"inLanguage":"es","potentialAction":[{"@type":"ReadAction","target":["https:\/\/corporaciondigital360.com\/?page_id=270"]}]},{"@type":"BreadcrumbList","@id":"https:\/\/corporaciondigital360.com\/?page_id=270#breadcrumb","itemListElement":[{"@type":"ListItem","position":1,"name":"Portada","item":"https:\/\/corporaciondigital360.com\/"},{"@type":"ListItem","position":2,"name":"Quienes Somos"}]},{"@type":"WebSite","@id":"https:\/\/corporaciondigital360.com\/#website","url":"https:\/\/corporaciondigital360.com\/","name":"Corporacion 360","description":"","potentialAction":[{"@type":"SearchAction","target":{"@type":"EntryPoint","urlTemplate":"https:\/\/corporaciondigital360.com\/?s={search_term_string}"},"query-input":"required name=search_term_string"}],"inLanguage":"es"}]}},"amp_enabled":true,"_links":{"self":[{"href":"https:\/\/corporaciondigital360.com\/index.php?rest_route=\/wp\/v2\/pages\/270","targetHints":{"allow":["GET"]}}],"collection":[{"href":"https:\/\/corporaciondigital360.com\/index.php?rest_route=\/wp\/v2\/pages"}],"about":[{"href":"https:\/\/corporaciondigital360.com\/index.php?rest_route=\/wp\/v2\/types\/page"}],"author":[{"embeddable":true,"href":"https:\/\/corporaciondigital360.com\/index.php?rest_route=\/wp\/v2\/users\/1"}],"replies":[{"embeddable":true,"href":"https:\/\/corporaciondigital360.com\/index.php?rest_route=%2Fwp%2Fv2%2Fcomments&post=270"}],"version-history":[{"count":5,"href":"https:\/\/corporaciondigital360.com\/index.php?rest_route=\/wp\/v2\/pages\/270\/revisions"}],"predecessor-version":[{"id":704,"href":"https:\/\/corporaciondigital360.com\/index.php?rest_route=\/wp\/v2\/pages\/270\/revisions\/704"}],"wp:attachment":[{"href":"https:\/\/corporaciondigital360.com\/index.php?rest_route=%2Fwp%2Fv2%2Fmedia&parent=270"}],"curies":[{"name":"wp","href":"https:\/\/api.w.org\/{rel}","templated":true}]}}